{"id":186,"date":"2013-10-09T22:15:33","date_gmt":"2013-10-09T20:15:33","guid":{"rendered":"https:\/\/www.scurcia.com\/?page_id=186"},"modified":"2025-07-06T15:13:38","modified_gmt":"2025-07-06T13:13:38","slug":"scurcia-hutte","status":"publish","type":"page","link":"https:\/\/www.scurcia.com\/de\/scurcia-hutte\/","title":{"rendered":"Baita Scurci\u00e0 \u2013 Ihr Gem\u00fctliches Alpinrefugium"},"content":{"rendered":"\n<p><em>Willkommen in der Baita Scurci\u00e0 \u2013 einer charmanten Almh\u00fctte, in der rustikale Tradition auf modernen Komfort trifft. Eingebettet in die sonnigen H\u00e4nge von St. Ulrich bietet dieses gem\u00fctliche Versteck eine intime Verbindung zur Natur \u2013 perfekt f\u00fcr Familien und Freunde, die Ruhe und Abenteuer suchen.<\/em><\/p>\n\n<figure class=\"wp-block-gallery has-nested-images columns-default is-cropped wp-block-gallery-1 is-layout-flex wp-block-gallery-is-layout-flex\">\n<figure class=\"wp-block-image size-large\"><a href=\"https:\/\/www.scurcia.com\/wp-content\/uploads\/2024\/12\/IMG_4656-scaled.jpg\"><img decoding=\"async\" width=\"1024\" height=\"768\" data-id=\"4339\" src=\"https:\/\/www.scurcia.com\/wp-content\/uploads\/2024\/12\/IMG_4656-1024x768.jpg\" alt=\"Baita Scurci&#xE0;\" class=\"wp-image-4339\" srcset=\"https:\/\/www.scurcia.com\/wp-content\/uploads\/2024\/12\/IMG_4656-1024x768.jpg 1024w, https:\/\/www.scurcia.com\/wp-content\/uploads\/2024\/12\/IMG_4656-300x225.jpg 300w, https:\/\/www.scurcia.com\/wp-content\/uploads\/2024\/12\/IMG_4656-768x576.jpg 768w, https:\/\/www.scurcia.com\/wp-content\/uploads\/2024\/12\/IMG_4656-1536x1152.jpg 1536w, https:\/\/www.scurcia.com\/wp-content\/uploads\/2024\/12\/IMG_4656-2048x1536.jpg 2048w\" sizes=\"(max-width: 1024px) 100vw, 1024px\" \/><\/a><\/figure>\n\n\n\n<figure class=\"wp-block-image size-large\"><a href=\"https:\/\/www.scurcia.com\/wp-content\/uploads\/2024\/12\/IMG_7913-1-scaled.jpeg\"><img decoding=\"async\" width=\"768\" height=\"1024\" data-id=\"4484\" src=\"https:\/\/www.scurcia.com\/wp-content\/uploads\/2024\/12\/IMG_7913-1-768x1024.jpeg\" alt=\"\" class=\"wp-image-4484\" srcset=\"https:\/\/www.scurcia.com\/wp-content\/uploads\/2024\/12\/IMG_7913-1-768x1024.jpeg 768w, https:\/\/www.scurcia.com\/wp-content\/uploads\/2024\/12\/IMG_7913-1-225x300.jpeg 225w, https:\/\/www.scurcia.com\/wp-content\/uploads\/2024\/12\/IMG_7913-1-1152x1536.jpeg 1152w, https:\/\/www.scurcia.com\/wp-content\/uploads\/2024\/12\/IMG_7913-1-1536x2048.jpeg 1536w, https:\/\/www.scurcia.com\/wp-content\/uploads\/2024\/12\/IMG_7913-1-scaled.jpeg 1920w\" sizes=\"(max-width: 768px) 100vw, 768px\" \/><\/a><\/figure>\n\n\n\n<figure class=\"wp-block-image size-large\"><a href=\"https:\/\/www.scurcia.com\/wp-content\/uploads\/2024\/12\/IMG_7911-1-scaled.jpeg\"><img decoding=\"async\" width=\"1024\" height=\"768\" data-id=\"4491\" src=\"https:\/\/www.scurcia.com\/wp-content\/uploads\/2024\/12\/IMG_7911-1-1024x768.jpeg\" alt=\"\" class=\"wp-image-4491\" srcset=\"https:\/\/www.scurcia.com\/wp-content\/uploads\/2024\/12\/IMG_7911-1-1024x768.jpeg 1024w, https:\/\/www.scurcia.com\/wp-content\/uploads\/2024\/12\/IMG_7911-1-300x225.jpeg 300w, https:\/\/www.scurcia.com\/wp-content\/uploads\/2024\/12\/IMG_7911-1-768x576.jpeg 768w, https:\/\/www.scurcia.com\/wp-content\/uploads\/2024\/12\/IMG_7911-1-1536x1152.jpeg 1536w, https:\/\/www.scurcia.com\/wp-content\/uploads\/2024\/12\/IMG_7911-1-2048x1536.jpeg 2048w\" sizes=\"(max-width: 1024px) 100vw, 1024px\" \/><\/a><\/figure>\n\n\n\n<figure class=\"wp-block-image size-large\"><a href=\"https:\/\/www.scurcia.com\/wp-content\/uploads\/2024\/12\/IMG_7909-scaled.jpg\"><img decoding=\"async\" width=\"768\" height=\"1024\" data-id=\"4443\" src=\"https:\/\/www.scurcia.com\/wp-content\/uploads\/2024\/12\/IMG_7909-768x1024.jpg\" alt=\"\" class=\"wp-image-4443\" srcset=\"https:\/\/www.scurcia.com\/wp-content\/uploads\/2024\/12\/IMG_7909-768x1024.jpg 768w, https:\/\/www.scurcia.com\/wp-content\/uploads\/2024\/12\/IMG_7909-225x300.jpg 225w, https:\/\/www.scurcia.com\/wp-content\/uploads\/2024\/12\/IMG_7909-1152x1536.jpg 1152w, https:\/\/www.scurcia.com\/wp-content\/uploads\/2024\/12\/IMG_7909-1536x2048.jpg 1536w, https:\/\/www.scurcia.com\/wp-content\/uploads\/2024\/12\/IMG_7909-scaled.jpg 1920w\" sizes=\"(max-width: 768px) 100vw, 768px\" \/><\/a><\/figure>\n\n\n\n<figure class=\"wp-block-image size-large\"><a href=\"https:\/\/www.scurcia.com\/wp-content\/uploads\/2024\/12\/IMG_7905-1-scaled.webp\"><img decoding=\"async\" width=\"768\" height=\"1024\" data-id=\"4428\" src=\"https:\/\/www.scurcia.com\/wp-content\/uploads\/2024\/12\/IMG_7905-1-768x1024.webp\" alt=\"\" class=\"wp-image-4428\" srcset=\"https:\/\/www.scurcia.com\/wp-content\/uploads\/2024\/12\/IMG_7905-1-768x1024.webp 768w, https:\/\/www.scurcia.com\/wp-content\/uploads\/2024\/12\/IMG_7905-1-225x300.webp 225w, https:\/\/www.scurcia.com\/wp-content\/uploads\/2024\/12\/IMG_7905-1-1152x1536.webp 1152w, https:\/\/www.scurcia.com\/wp-content\/uploads\/2024\/12\/IMG_7905-1-1536x2048.webp 1536w, https:\/\/www.scurcia.com\/wp-content\/uploads\/2024\/12\/IMG_7905-1-scaled.webp 1920w\" sizes=\"(max-width: 768px) 100vw, 768px\" \/><\/a><\/figure>\n\n\n\n<figure class=\"wp-block-image size-large\"><a href=\"https:\/\/www.scurcia.com\/wp-content\/uploads\/2024\/12\/IMG_7903-scaled.jpg\"><img decoding=\"async\" width=\"768\" height=\"1024\" data-id=\"4419\" src=\"https:\/\/www.scurcia.com\/wp-content\/uploads\/2024\/12\/IMG_7903-768x1024.jpg\" alt=\"\" class=\"wp-image-4419\" srcset=\"https:\/\/www.scurcia.com\/wp-content\/uploads\/2024\/12\/IMG_7903-768x1024.jpg 768w, https:\/\/www.scurcia.com\/wp-content\/uploads\/2024\/12\/IMG_7903-225x300.jpg 225w, https:\/\/www.scurcia.com\/wp-content\/uploads\/2024\/12\/IMG_7903-1152x1536.jpg 1152w, https:\/\/www.scurcia.com\/wp-content\/uploads\/2024\/12\/IMG_7903-1536x2048.jpg 1536w, https:\/\/www.scurcia.com\/wp-content\/uploads\/2024\/12\/IMG_7903-scaled.jpg 1920w\" sizes=\"(max-width: 768px) 100vw, 768px\" \/><\/a><\/figure>\n\n\n\n<figure class=\"wp-block-image size-large\"><a href=\"https:\/\/www.scurcia.com\/wp-content\/uploads\/2025\/01\/IMG_4914-2-scaled.jpg\"><img decoding=\"async\" width=\"1024\" height=\"768\" data-id=\"4703\" src=\"https:\/\/www.scurcia.com\/wp-content\/uploads\/2025\/01\/IMG_4914-2-1024x768.jpg\" alt=\"\" class=\"wp-image-4703\" srcset=\"https:\/\/www.scurcia.com\/wp-content\/uploads\/2025\/01\/IMG_4914-2-1024x768.jpg 1024w, https:\/\/www.scurcia.com\/wp-content\/uploads\/2025\/01\/IMG_4914-2-300x225.jpg 300w, https:\/\/www.scurcia.com\/wp-content\/uploads\/2025\/01\/IMG_4914-2-768x576.jpg 768w, https:\/\/www.scurcia.com\/wp-content\/uploads\/2025\/01\/IMG_4914-2-1536x1152.jpg 1536w, https:\/\/www.scurcia.com\/wp-content\/uploads\/2025\/01\/IMG_4914-2-2048x1536.jpg 2048w\" sizes=\"(max-width: 1024px) 100vw, 1024px\" \/><\/a><\/figure>\n\n\n\n<figure class=\"wp-block-image size-large\"><a href=\"https:\/\/www.scurcia.com\/wp-content\/uploads\/2025\/01\/IMG_7944-1-scaled.webp\"><img decoding=\"async\" width=\"768\" height=\"1024\" data-id=\"4639\" src=\"https:\/\/www.scurcia.com\/wp-content\/uploads\/2025\/01\/IMG_7944-1-768x1024.webp\" alt=\"\" class=\"wp-image-4639\" srcset=\"https:\/\/www.scurcia.com\/wp-content\/uploads\/2025\/01\/IMG_7944-1-768x1024.webp 768w, https:\/\/www.scurcia.com\/wp-content\/uploads\/2025\/01\/IMG_7944-1-225x300.webp 225w, https:\/\/www.scurcia.com\/wp-content\/uploads\/2025\/01\/IMG_7944-1-1152x1536.webp 1152w, https:\/\/www.scurcia.com\/wp-content\/uploads\/2025\/01\/IMG_7944-1-1536x2048.webp 1536w, https:\/\/www.scurcia.com\/wp-content\/uploads\/2025\/01\/IMG_7944-1-scaled.webp 1920w\" sizes=\"(max-width: 768px) 100vw, 768px\" \/><\/a><\/figure>\n\n\n\n<figure class=\"wp-block-image size-large\"><a href=\"https:\/\/www.scurcia.com\/wp-content\/uploads\/2013\/08\/IMG_0094.jpg\"><img decoding=\"async\" width=\"1024\" height=\"768\" data-id=\"49\" src=\"https:\/\/www.scurcia.com\/wp-content\/uploads\/2013\/08\/IMG_0094-1024x768.jpg\" alt=\"\" class=\"wp-image-49\" srcset=\"https:\/\/www.scurcia.com\/wp-content\/uploads\/2013\/08\/IMG_0094-1024x768.jpg 1024w, https:\/\/www.scurcia.com\/wp-content\/uploads\/2013\/08\/IMG_0094-300x224.jpg 300w\" sizes=\"(max-width: 1024px) 100vw, 1024px\" \/><\/a><\/figure>\n<\/figure>\n\n<p><\/p>\n","protected":false},"excerpt":{"rendered":"<p>Willkommen in der Baita Scurci\u00e0 \u2013 einer charmanten Almh\u00fctte, in der rustikale Tradition auf modernen Komfort trifft. Eingebettet in die sonnigen H\u00e4nge von St. Ulrich bietet dieses gem\u00fctliche Versteck eine intime Verbindung zur Natur \u2013 perfekt f\u00fcr Familien und Freunde, die Ruhe und Abenteuer suchen.<\/p>\n","protected":false},"author":1,"featured_media":4181,"parent":0,"menu_order":0,"comment_status":"closed","ping_status":"open","template":"","meta":{"footnotes":""},"class_list":["post-186","page","type-page","status-publish","has-post-thumbnail"],"_links":{"self":[{"href":"https:\/\/www.scurcia.com\/de\/wp-json\/wp\/v2\/pages\/186","targetHints":{"allow":["GET"]}}],"collection":[{"href":"https:\/\/www.scurcia.com\/de\/wp-json\/wp\/v2\/pages"}],"about":[{"href":"https:\/\/www.scurcia.com\/de\/wp-json\/wp\/v2\/types\/page"}],"author":[{"embeddable":true,"href":"https:\/\/www.scurcia.com\/de\/wp-json\/wp\/v2\/users\/1"}],"replies":[{"embeddable":true,"href":"https:\/\/www.scurcia.com\/de\/wp-json\/wp\/v2\/comments?post=186"}],"version-history":[{"count":3,"href":"https:\/\/www.scurcia.com\/de\/wp-json\/wp\/v2\/pages\/186\/revisions"}],"predecessor-version":[{"id":4760,"href":"https:\/\/www.scurcia.com\/de\/wp-json\/wp\/v2\/pages\/186\/revisions\/4760"}],"wp:featuredmedia":[{"embeddable":true,"href":"https:\/\/www.scurcia.com\/de\/wp-json\/wp\/v2\/media\/4181"}],"wp:attachment":[{"href":"https:\/\/www.scurcia.com\/de\/wp-json\/wp\/v2\/media?parent=186"}],"curies":[{"name":"wp","href":"https:\/\/api.w.org\/{rel}","templated":true}]}}