{"id":4264,"date":"2024-12-19T15:10:28","date_gmt":"2024-12-19T14:10:28","guid":{"rendered":"https:\/\/www.scurcia.com\/ueber-uns\/"},"modified":"2024-12-19T15:10:30","modified_gmt":"2024-12-19T14:10:30","slug":"ueber-uns","status":"publish","type":"page","link":"https:\/\/www.scurcia.com\/de\/ueber-uns\/","title":{"rendered":"\u00dcber uns"},"content":{"rendered":"<div class=\"gb-container gb-container-cd67deb7\">\n<div class=\"gb-container gb-container-9e4bb9bd\">\n<div class=\"gb-container gb-container-fb706260\">\n\n<h2 class=\"gb-headline gb-headline-5bc45f76 gb-headline-text\">Unser Erbe: Das Erbe der Familie Moroder<\/h2>\n\n\n\n<div class=\"gb-headline gb-headline-ee1a072c\"><span class=\"gb-icon\"><svg xmlns=\"http:\/\/www.w3.org\/2000\/svg\" viewbox=\"0 0 36.7 3\"><path d=\"M0 0h36.7v3H0z\"><\/path><\/svg><\/span><\/div>\n\n\n\n<p><em>Seit Generationen empf\u00e4ngt die Familie Moroder G\u00e4ste in St. Ulrich. Mit Leidenschaft und Hingabe verwalten wir die Appartments Scurci\u00e0 und die &#8222;Baita Scurci\u00e0&#8220;, um Ihnen einen unvergesslichen Aufenthalt zu garantieren. Unsere Philosophie verbindet traditionelle Gastfreundschaft mit modernem Komfort.<\/em><\/p>\n\n\n\n<p>Die Familie Moroder hat eine reiche Geschichte in St. Ulrich, die tief in der Gastfreundschaft und den K\u00fcnsten verwurzelt ist. Unsere Vorfahren betrieben die &#8222;Pension Moroder Caff\u00e8&#8220;, ein beliebtes Lokal, das als Treffpunkt f\u00fcr Einheimische und Besucher gleicherma\u00dfen diente. Das Geb\u00e4ude steht heute noch, und die urspr\u00fcngliche Engelsskulptur ziert seine Fassade, ein Zeugnis unserer dauerhaften Pr\u00e4senz in der Gemeinde.<\/p>\n\n\n\n<h2 class=\"gb-headline gb-headline-b95342bf gb-headline-text\">K\u00fcnstlerische Beitr\u00e4ge<\/h2>\n\n\n\n<div class=\"gb-headline gb-headline-2b2468aa\"><span class=\"gb-icon\"><svg xmlns=\"http:\/\/www.w3.org\/2000\/svg\" viewbox=\"0 0 36.7 3\"><path d=\"M0 0h36.7v3H0z\"><\/path><\/svg><\/span><\/div>\n\n\n\n<p>Im Laufe der Jahre hat die Familie Moroder die kulturelle und k\u00fcnstlerische Landschaft Gr\u00f6dens entscheidend mitgepr\u00e4gt. Vor allem Josef Moroder-Lusenberg (1846-1939), ein bekannter Maler und Bildhauer, trug wesentlich zum k\u00fcnstlerischen Erbe der Region bei. Seine Werke inspirieren uns weiterhin und spiegeln die reichen Traditionen unserer ladinischen Wurzeln wider.<\/p>\n\n\n\n<h2 class=\"gb-headline gb-headline-fe7b7a8e gb-headline-text\">Die Tradition fortsetzen<\/h2>\n\n\n\n<div class=\"gb-headline gb-headline-b5e45624\"><span class=\"gb-icon\"><svg xmlns=\"http:\/\/www.w3.org\/2000\/svg\" viewbox=\"0 0 36.7 3\"><path d=\"M0 0h36.7v3H0z\"><\/path><\/svg><\/span><\/div>\n\n\n\n<p>Heute ehren wir dieses Erbe, indem wir unseren G\u00e4sten ein authentisches Erlebnis bieten, das die traditionelle ladinische Gastfreundschaft mit modernem Komfort verbindet. In den Appartments Scurci\u00e0 und der &#8222;Baita Scurci\u00e0&#8220; bem\u00fchen wir uns, eine einladende Atmosph\u00e4re zu schaffen, in der Geschichte und moderne Annehmlichkeiten harmonisch nebeneinander bestehen.<\/p>\n\n<\/div>\n\n<div class=\"gb-container gb-container-12924e5b\">\n\n<figure class=\"wp-block-image size-large left-border img\"><a href=\"https:\/\/www.scurcia.com\/wp-content\/uploads\/2024\/12\/IMG_4353-scaled-e1733497444451.jpeg\"><img decoding=\"async\" src=\"https:\/\/www.scurcia.com\/wp-content\/uploads\/2024\/12\/IMG_4353-768x1024.jpeg\" alt=\"\" class=\"wp-image-4159\"\/><\/a><\/figure>\n\n\n\n<p><em>PENSION MORODER<\/em> <em>CAFFE&#8216;<\/em> &#8211; Sie k\u00f6nnen immer noch die Engelsskulptur an dem k\u00fcrzlich restaurierten Haus in der N\u00e4he sehen.<\/p>\n\n<\/div>\n<\/div>\n<\/div>","protected":false},"excerpt":{"rendered":"<p>Unser Erbe: Das Erbe der Familie Moroder Seit Generationen empf\u00e4ngt die Familie Moroder G\u00e4ste in St. Ulrich. Mit Leidenschaft und Hingabe verwalten wir die Appartments Scurci\u00e0 und die &#8222;Baita Scurci\u00e0&#8220;, um Ihnen einen unvergesslichen Aufenthalt zu garantieren. Unsere Philosophie verbindet traditionelle Gastfreundschaft mit modernem Komfort. Die Familie Moroder hat eine reiche Geschichte in St. Ulrich, &#8230; <a title=\"\u00dcber uns\" class=\"read-more\" href=\"https:\/\/www.scurcia.com\/de\/ueber-uns\/\" aria-label=\"Mehr Informationen \u00fcber \u00dcber uns\">Weiterlesen &#8230;<\/a><\/p>\n","protected":false},"author":1,"featured_media":0,"parent":0,"menu_order":0,"comment_status":"closed","ping_status":"closed","template":"","meta":{"footnotes":""},"class_list":["post-4264","page","type-page","status-publish"],"_links":{"self":[{"href":"https:\/\/www.scurcia.com\/de\/wp-json\/wp\/v2\/pages\/4264","targetHints":{"allow":["GET"]}}],"collection":[{"href":"https:\/\/www.scurcia.com\/de\/wp-json\/wp\/v2\/pages"}],"about":[{"href":"https:\/\/www.scurcia.com\/de\/wp-json\/wp\/v2\/types\/page"}],"author":[{"embeddable":true,"href":"https:\/\/www.scurcia.com\/de\/wp-json\/wp\/v2\/users\/1"}],"replies":[{"embeddable":true,"href":"https:\/\/www.scurcia.com\/de\/wp-json\/wp\/v2\/comments?post=4264"}],"version-history":[{"count":1,"href":"https:\/\/www.scurcia.com\/de\/wp-json\/wp\/v2\/pages\/4264\/revisions"}],"predecessor-version":[{"id":4265,"href":"https:\/\/www.scurcia.com\/de\/wp-json\/wp\/v2\/pages\/4264\/revisions\/4265"}],"wp:attachment":[{"href":"https:\/\/www.scurcia.com\/de\/wp-json\/wp\/v2\/media?parent=4264"}],"curies":[{"name":"wp","href":"https:\/\/api.w.org\/{rel}","templated":true}]}}