{"id":4755,"date":"2025-07-06T15:10:34","date_gmt":"2025-07-06T13:10:34","guid":{"rendered":"https:\/\/www.scurcia.com\/apartment\/"},"modified":"2025-07-06T15:10:34","modified_gmt":"2025-07-06T13:10:34","slug":"apartment","status":"publish","type":"page","link":"https:\/\/www.scurcia.com\/de\/apartment\/","title":{"rendered":"Apartment"},"content":{"rendered":"\n<h2 class=\"gb-headline gb-headline-7b725327 gb-headline-text\">Die perfekte Auszeit \u2013 Apartments in Scurci\u00e0<\/h2>\n\n<p>Entdecken Sie Ihren idealen R\u00fcckzugsort in einem unserer gem\u00fctlichen Apartments in Scurci\u00e0. Gelegen auf der Sonnenseite von St. Ulrich, ist jedes Apartment so gestaltet, dass es Komfort, Bequemlichkeit und einen atemberaubenden Blick auf die Dolomiten vereint. <\/p>\n\n<figure class=\"wp-block-gallery has-nested-images columns-default is-cropped wp-block-gallery-1 is-layout-flex wp-block-gallery-is-layout-flex\">\n<figure class=\"wp-block-image size-large\"><a href=\"https:\/\/www.scurcia.com\/wp-content\/uploads\/2024\/12\/Grundriss-Apartment-Scurcia.png\"><img decoding=\"async\" width=\"1024\" height=\"971\" data-id=\"4233\" src=\"https:\/\/www.scurcia.com\/wp-content\/uploads\/2024\/12\/Grundriss-Apartment-Scurcia-1024x971.png\" alt=\"\" class=\"wp-image-4233\" srcset=\"https:\/\/www.scurcia.com\/wp-content\/uploads\/2024\/12\/Grundriss-Apartment-Scurcia-1024x971.png 1024w, https:\/\/www.scurcia.com\/wp-content\/uploads\/2024\/12\/Grundriss-Apartment-Scurcia-300x285.png 300w, https:\/\/www.scurcia.com\/wp-content\/uploads\/2024\/12\/Grundriss-Apartment-Scurcia-768x728.png 768w, https:\/\/www.scurcia.com\/wp-content\/uploads\/2024\/12\/Grundriss-Apartment-Scurcia-1536x1457.png 1536w, https:\/\/www.scurcia.com\/wp-content\/uploads\/2024\/12\/Grundriss-Apartment-Scurcia-2048x1942.png 2048w\" sizes=\"(max-width: 1024px) 100vw, 1024px\" \/><\/a><\/figure>\n\n\n\n<figure class=\"wp-block-image size-large\"><a href=\"https:\/\/www.scurcia.com\/wp-content\/uploads\/2025\/01\/IMG_7998-scaled.jpg\"><img decoding=\"async\" width=\"768\" height=\"1024\" data-id=\"4616\" src=\"https:\/\/www.scurcia.com\/wp-content\/uploads\/2025\/01\/IMG_7998-768x1024.jpg\" alt=\"\" class=\"wp-image-4616\" srcset=\"https:\/\/www.scurcia.com\/wp-content\/uploads\/2025\/01\/IMG_7998-768x1024.jpg 768w, https:\/\/www.scurcia.com\/wp-content\/uploads\/2025\/01\/IMG_7998-225x300.jpg 225w, https:\/\/www.scurcia.com\/wp-content\/uploads\/2025\/01\/IMG_7998-1152x1536.jpg 1152w, https:\/\/www.scurcia.com\/wp-content\/uploads\/2025\/01\/IMG_7998-1536x2048.jpg 1536w, https:\/\/www.scurcia.com\/wp-content\/uploads\/2025\/01\/IMG_7998-scaled.jpg 1920w\" sizes=\"(max-width: 768px) 100vw, 768px\" \/><\/a><\/figure>\n\n\n\n<figure class=\"wp-block-image size-large\"><a href=\"https:\/\/www.scurcia.com\/wp-content\/uploads\/2024\/12\/IMG_4224-scaled.jpeg\"><img decoding=\"async\" width=\"576\" height=\"1024\" data-id=\"4180\" src=\"https:\/\/www.scurcia.com\/wp-content\/uploads\/2024\/12\/IMG_4224-576x1024.jpeg\" alt=\"\" class=\"wp-image-4180\" srcset=\"https:\/\/www.scurcia.com\/wp-content\/uploads\/2024\/12\/IMG_4224-576x1024.jpeg 576w, https:\/\/www.scurcia.com\/wp-content\/uploads\/2024\/12\/IMG_4224-169x300.jpeg 169w, https:\/\/www.scurcia.com\/wp-content\/uploads\/2024\/12\/IMG_4224-768x1365.jpeg 768w, https:\/\/www.scurcia.com\/wp-content\/uploads\/2024\/12\/IMG_4224-864x1536.jpeg 864w, https:\/\/www.scurcia.com\/wp-content\/uploads\/2024\/12\/IMG_4224-1152x2048.jpeg 1152w, https:\/\/www.scurcia.com\/wp-content\/uploads\/2024\/12\/IMG_4224-scaled.jpeg 1440w\" sizes=\"(max-width: 576px) 100vw, 576px\" \/><\/a><\/figure>\n\n\n\n<figure class=\"wp-block-image size-large\"><a href=\"https:\/\/www.scurcia.com\/wp-content\/uploads\/2025\/01\/IMG_7996-scaled.jpg\"><img decoding=\"async\" width=\"768\" height=\"1024\" data-id=\"4613\" src=\"https:\/\/www.scurcia.com\/wp-content\/uploads\/2025\/01\/IMG_7996-768x1024.jpg\" alt=\"\" class=\"wp-image-4613\" srcset=\"https:\/\/www.scurcia.com\/wp-content\/uploads\/2025\/01\/IMG_7996-768x1024.jpg 768w, https:\/\/www.scurcia.com\/wp-content\/uploads\/2025\/01\/IMG_7996-225x300.jpg 225w, https:\/\/www.scurcia.com\/wp-content\/uploads\/2025\/01\/IMG_7996-1152x1536.jpg 1152w, https:\/\/www.scurcia.com\/wp-content\/uploads\/2025\/01\/IMG_7996-1536x2048.jpg 1536w, https:\/\/www.scurcia.com\/wp-content\/uploads\/2025\/01\/IMG_7996-scaled.jpg 1920w\" sizes=\"(max-width: 768px) 100vw, 768px\" \/><\/a><\/figure>\n\n\n\n<figure class=\"wp-block-image size-large\"><a href=\"https:\/\/www.scurcia.com\/wp-content\/uploads\/2024\/12\/IMG_4614-scaled.jpeg\"><img decoding=\"async\" width=\"1024\" height=\"768\" data-id=\"4581\" src=\"https:\/\/www.scurcia.com\/wp-content\/uploads\/2024\/12\/IMG_4614-1024x768.jpeg\" alt=\"\" class=\"wp-image-4581\" srcset=\"https:\/\/www.scurcia.com\/wp-content\/uploads\/2024\/12\/IMG_4614-1024x768.jpeg 1024w, https:\/\/www.scurcia.com\/wp-content\/uploads\/2024\/12\/IMG_4614-300x225.jpeg 300w, https:\/\/www.scurcia.com\/wp-content\/uploads\/2024\/12\/IMG_4614-768x576.jpeg 768w, https:\/\/www.scurcia.com\/wp-content\/uploads\/2024\/12\/IMG_4614-1536x1152.jpeg 1536w, https:\/\/www.scurcia.com\/wp-content\/uploads\/2024\/12\/IMG_4614-2048x1536.jpeg 2048w\" sizes=\"(max-width: 1024px) 100vw, 1024px\" \/><\/a><\/figure>\n\n\n\n<figure class=\"wp-block-image size-large\"><a href=\"https:\/\/www.scurcia.com\/wp-content\/uploads\/2025\/01\/IMG_7999-scaled.jpg\"><img decoding=\"async\" width=\"768\" height=\"1024\" data-id=\"4619\" src=\"https:\/\/www.scurcia.com\/wp-content\/uploads\/2025\/01\/IMG_7999-768x1024.jpg\" alt=\"\" class=\"wp-image-4619\" srcset=\"https:\/\/www.scurcia.com\/wp-content\/uploads\/2025\/01\/IMG_7999-768x1024.jpg 768w, https:\/\/www.scurcia.com\/wp-content\/uploads\/2025\/01\/IMG_7999-225x300.jpg 225w, https:\/\/www.scurcia.com\/wp-content\/uploads\/2025\/01\/IMG_7999-1152x1536.jpg 1152w, https:\/\/www.scurcia.com\/wp-content\/uploads\/2025\/01\/IMG_7999-1536x2048.jpg 1536w, https:\/\/www.scurcia.com\/wp-content\/uploads\/2025\/01\/IMG_7999-scaled.jpg 1920w\" sizes=\"(max-width: 768px) 100vw, 768px\" \/><\/a><\/figure>\n\n\n\n<figure class=\"wp-block-image size-large\"><a href=\"https:\/\/www.scurcia.com\/wp-content\/uploads\/2025\/01\/IMG_7915-scaled.jpg\"><img decoding=\"async\" width=\"1024\" height=\"768\" data-id=\"4631\" src=\"https:\/\/www.scurcia.com\/wp-content\/uploads\/2025\/01\/IMG_7915-1024x768.jpg\" alt=\"\" class=\"wp-image-4631\" srcset=\"https:\/\/www.scurcia.com\/wp-content\/uploads\/2025\/01\/IMG_7915-1024x768.jpg 1024w, https:\/\/www.scurcia.com\/wp-content\/uploads\/2025\/01\/IMG_7915-300x225.jpg 300w, https:\/\/www.scurcia.com\/wp-content\/uploads\/2025\/01\/IMG_7915-768x576.jpg 768w, https:\/\/www.scurcia.com\/wp-content\/uploads\/2025\/01\/IMG_7915-1536x1152.jpg 1536w, https:\/\/www.scurcia.com\/wp-content\/uploads\/2025\/01\/IMG_7915-2048x1536.jpg 2048w\" sizes=\"(max-width: 1024px) 100vw, 1024px\" \/><\/a><\/figure>\n\n\n\n<figure class=\"wp-block-image size-large\"><a href=\"https:\/\/www.scurcia.com\/wp-content\/uploads\/2025\/01\/IMG_4916-2-scaled.jpg\"><img decoding=\"async\" width=\"768\" height=\"1024\" data-id=\"4715\" src=\"https:\/\/www.scurcia.com\/wp-content\/uploads\/2025\/01\/IMG_4916-2-768x1024.jpg\" alt=\"\" class=\"wp-image-4715\" srcset=\"https:\/\/www.scurcia.com\/wp-content\/uploads\/2025\/01\/IMG_4916-2-768x1024.jpg 768w, https:\/\/www.scurcia.com\/wp-content\/uploads\/2025\/01\/IMG_4916-2-225x300.jpg 225w, https:\/\/www.scurcia.com\/wp-content\/uploads\/2025\/01\/IMG_4916-2-1152x1536.jpg 1152w, https:\/\/www.scurcia.com\/wp-content\/uploads\/2025\/01\/IMG_4916-2-1536x2048.jpg 1536w, https:\/\/www.scurcia.com\/wp-content\/uploads\/2025\/01\/IMG_4916-2-scaled.jpg 1920w\" sizes=\"(max-width: 768px) 100vw, 768px\" \/><\/a><\/figure>\n\n\n\n<figure class=\"wp-block-image size-large\"><a href=\"https:\/\/www.scurcia.com\/wp-content\/uploads\/2025\/01\/IMG_8004-scaled.jpg\"><img decoding=\"async\" width=\"768\" height=\"1024\" data-id=\"4622\" src=\"https:\/\/www.scurcia.com\/wp-content\/uploads\/2025\/01\/IMG_8004-768x1024.jpg\" alt=\"\" class=\"wp-image-4622\" srcset=\"https:\/\/www.scurcia.com\/wp-content\/uploads\/2025\/01\/IMG_8004-768x1024.jpg 768w, https:\/\/www.scurcia.com\/wp-content\/uploads\/2025\/01\/IMG_8004-225x300.jpg 225w, https:\/\/www.scurcia.com\/wp-content\/uploads\/2025\/01\/IMG_8004-1152x1536.jpg 1152w, https:\/\/www.scurcia.com\/wp-content\/uploads\/2025\/01\/IMG_8004-1536x2048.jpg 1536w, https:\/\/www.scurcia.com\/wp-content\/uploads\/2025\/01\/IMG_8004-scaled.jpg 1920w\" sizes=\"(max-width: 768px) 100vw, 768px\" \/><\/a><\/figure>\n<\/figure>\n","protected":false},"excerpt":{"rendered":"<p>Die perfekte Auszeit \u2013 Apartments in Scurci\u00e0 Entdecken Sie Ihren idealen R\u00fcckzugsort in einem unserer gem\u00fctlichen Apartments in Scurci\u00e0. Gelegen auf der Sonnenseite von St. Ulrich, ist jedes Apartment so gestaltet, dass es Komfort, Bequemlichkeit und einen atemberaubenden Blick auf die Dolomiten vereint.<\/p>\n","protected":false},"author":1,"featured_media":4185,"parent":0,"menu_order":0,"comment_status":"closed","ping_status":"closed","template":"","meta":{"footnotes":""},"class_list":["post-4755","page","type-page","status-publish","has-post-thumbnail"],"_links":{"self":[{"href":"https:\/\/www.scurcia.com\/de\/wp-json\/wp\/v2\/pages\/4755","targetHints":{"allow":["GET"]}}],"collection":[{"href":"https:\/\/www.scurcia.com\/de\/wp-json\/wp\/v2\/pages"}],"about":[{"href":"https:\/\/www.scurcia.com\/de\/wp-json\/wp\/v2\/types\/page"}],"author":[{"embeddable":true,"href":"https:\/\/www.scurcia.com\/de\/wp-json\/wp\/v2\/users\/1"}],"replies":[{"embeddable":true,"href":"https:\/\/www.scurcia.com\/de\/wp-json\/wp\/v2\/comments?post=4755"}],"version-history":[{"count":1,"href":"https:\/\/www.scurcia.com\/de\/wp-json\/wp\/v2\/pages\/4755\/revisions"}],"predecessor-version":[{"id":4756,"href":"https:\/\/www.scurcia.com\/de\/wp-json\/wp\/v2\/pages\/4755\/revisions\/4756"}],"wp:featuredmedia":[{"embeddable":true,"href":"https:\/\/www.scurcia.com\/de\/wp-json\/wp\/v2\/media\/4185"}],"wp:attachment":[{"href":"https:\/\/www.scurcia.com\/de\/wp-json\/wp\/v2\/media?parent=4755"}],"curies":[{"name":"wp","href":"https:\/\/api.w.org\/{rel}","templated":true}]}}