{"id":4260,"date":"2024-12-19T15:08:44","date_gmt":"2024-12-19T14:08:44","guid":{"rendered":"https:\/\/www.scurcia.com\/casa\/"},"modified":"2025-07-06T15:55:08","modified_gmt":"2025-07-06T13:55:08","slug":"casa","status":"publish","type":"page","link":"https:\/\/www.scurcia.com\/it\/","title":{"rendered":"Casa"},"content":{"rendered":"<div class=\"gb-container gb-container-a784eaa4\">\n<div class=\"gb-container gb-container-a7e46c64\">\n<div class=\"gb-container gb-container-29929053\">\n\n<h1 class=\"gb-headline gb-headline-de5b8cd0 gb-headline-text\">Appartamenti Scurci\u00e0 &#8211; Vacanze nel cuore delle Dolomiti<\/h1>\n\n\n\n<div class=\"gb-headline gb-headline-e170e9e8\"><span class=\"gb-icon\"><svg xmlns=\"http:\/\/www.w3.org\/2000\/svg\" viewbox=\"0 0 36.7 3\"><path d=\"M0 0h36.7v3H0z\"><\/path><\/svg><\/span><\/div>\n\n\n\n<p class=\"gb-headline gb-headline-5e1c6794 gb-headline-text\">Accoglienti appartamenti per vacanze e la &#8220;Baita Scurci\u00e0&#8221; sul lato soleggiato di Ortisei. Perfetti per gli amanti della natura e per chi cerca pace e tranquillit\u00e0, con accesso diretto ai sentieri escursionistici e una vista panoramica sulle Dolomiti. <\/p>\n\n<\/div>\n<\/div>\n<\/div><div class=\"gb-container gb-container-a78969e8\">\n<div class=\"gb-container gb-container-e6512886\">\n\n<p class=\"gb-headline gb-headline-42c720d1 gb-headline-text\">Punti salienti<\/p>\n\n\n\n<p class=\"gb-headline gb-headline-b812d523\"><span class=\"gb-icon\"><svg xmlns=\"http:\/\/www.w3.org\/2000\/svg\" viewbox=\"0 0 16 24\"><path d=\"M8 16c-4.4 0-8-3.6-8-8s3.6-8 8-8 8 3.6 8 8-3.6 8-8 8zM8 2C4.7 2 2 4.7 2 8s2.7 6 6 6 6-2.7 6-6-2.7-6-6-6z\"><\/path><path d=\"M13 24c-.2 0-.4 0-.5-.1L8 21.2l-4.5 2.7c-.3.2-.7.2-1.1 0-.3-.2-.5-.6-.4-1l1.2-9.1c.1-.5.6-.9 1.1-.9.6.1 1 .6.9 1.1l-.9 7.1 3.2-1.9c.3-.2.7-.2 1 0l3.2 1.9-.9-7.1c-.1-.5.3-1.1.9-1.1.6-.1 1.1.3 1.1.9l1.2 9.1c.1.4-.1.8-.4 1-.2 0-.4.1-.6.1z\"><\/path><\/svg><\/span><span class=\"gb-headline-text\"><strong>Posizione privilegiata:<\/strong> Situate sotto la foresta di Rasch\u00f6tz, le nostre propriet\u00e0 offrono tranquillit\u00e0 e viste panoramiche mozzafiato, pur trovandosi a soli 8 minuti a piedi dal vivace centro di Ortisei.<\/span><\/p>\n\n\n\n<p class=\"gb-headline gb-headline-314e7ca7\"><span class=\"gb-icon\"><svg xmlns=\"http:\/\/www.w3.org\/2000\/svg\" viewbox=\"0 0 16 24\"><path d=\"M8 16c-4.4 0-8-3.6-8-8s3.6-8 8-8 8 3.6 8 8-3.6 8-8 8zM8 2C4.7 2 2 4.7 2 8s2.7 6 6 6 6-2.7 6-6-2.7-6-6-6z\"><\/path><path d=\"M13 24c-.2 0-.4 0-.5-.1L8 21.2l-4.5 2.7c-.3.2-.7.2-1.1 0-.3-.2-.5-.6-.4-1l1.2-9.1c.1-.5.6-.9 1.1-.9.6.1 1 .6.9 1.1l-.9 7.1 3.2-1.9c.3-.2.7-.2 1 0l3.2 1.9-.9-7.1c-.1-.5.3-1.1.9-1.1.6-.1 1.1.3 1.1.9l1.2 9.1c.1.4-.1.8-.4 1-.2 0-.4.1-.6.1z\"><\/path><\/svg><\/span><span class=\"gb-headline-text\"><strong>Alloggi confortevoli:<\/strong> Scegli tra i nostri accoglienti appartamenti e l&#8217;incantevole &#8220;Baita Scurci\u00e0&#8221;, entrambi progettati per offrirti un&#8217;esperienza di casa lontano da casa con comfort moderni e autentico fascino alpino.<\/span><\/p>\n\n\n\n<p class=\"gb-headline gb-headline-e62934b2\"><span class=\"gb-icon\"><svg xmlns=\"http:\/\/www.w3.org\/2000\/svg\" viewbox=\"0 0 16 24\"><path d=\"M8 16c-4.4 0-8-3.6-8-8s3.6-8 8-8 8 3.6 8 8-3.6 8-8 8zM8 2C4.7 2 2 4.7 2 8s2.7 6 6 6 6-2.7 6-6-2.7-6-6-6z\"><\/path><path d=\"M13 24c-.2 0-.4 0-.5-.1L8 21.2l-4.5 2.7c-.3.2-.7.2-1.1 0-.3-.2-.5-.6-.4-1l1.2-9.1c.1-.5.6-.9 1.1-.9.6.1 1 .6.9 1.1l-.9 7.1 3.2-1.9c.3-.2.7-.2 1 0l3.2 1.9-.9-7.1c-.1-.5.3-1.1.9-1.1.6-.1 1.1.3 1.1.9l1.2 9.1c.1.4-.1.8-.4 1-.2 0-.4.1-.6.1z\"><\/path><\/svg><\/span><span class=\"gb-headline-text\"><strong>Attivit\u00e0 per tutte le stagioni:<\/strong> Che tu sia qui per fare escursioni, sciare o semplicemente rilassarti, la nostra posizione \u00e8 il punto di partenza perfetto per varie attivit\u00e0 durante tutto l&#8217;anno.<\/span><\/p>\n\n<\/div>\n\n<div class=\"gb-container gb-container-914a15ad\">\n\n<div class=\"gb-headline gb-headline-903c88e3\"><span class=\"gb-icon\"><svg xmlns=\"http:\/\/www.w3.org\/2000\/svg\" viewbox=\"0 0 60 42.35\"><path d=\"M47.47 15.76c-.12-1.31-.03-4.86 3.37-9.8.26-.37.21-.88-.11-1.19-1.39-1.39-2.25-2.26-2.85-2.87-.79-.81-1.15-1.18-1.68-1.66a.945.945 0 00-1.25-.01c-5.93 5.16-12.52 15.82-11.56 28.89.56 7.67 6.15 13.24 13.3 13.24 7.34 0 13.31-5.97 13.31-13.31 0-7.08-5.56-12.88-12.53-13.29zm-.78 24.72c-6.14 0-10.95-4.84-11.43-11.5-1.07-14.69 7.66-24.23 10.3-26.76.26.25.55.55.98.99.52.53 1.24 1.26 2.32 2.34-4.13 6.36-3.35 10.9-3.01 11.55.16.31.49.52.84.52 6.3 0 11.43 5.13 11.43 11.43S53 40.48 46.69 40.48zM14.17 15.76c-.12-1.3-.03-4.85 3.37-9.8.26-.37.21-.88-.11-1.19-1.38-1.38-2.24-2.26-2.84-2.87C13.8 1.09 13.43.72 12.9.24a.945.945 0 00-1.25-.01C5.73 5.39-.86 16.05.09 29.12c.56 7.67 6.16 13.24 13.31 13.24 7.34 0 13.31-5.97 13.31-13.31-.01-7.08-5.56-12.89-12.54-13.29zm-.77 24.72c-6.14 0-10.95-4.84-11.44-11.5C.89 14.28 9.63 4.74 12.26 2.22c.26.25.55.55.99 1 .52.53 1.23 1.26 2.31 2.34-4.13 6.36-3.35 10.9-3.01 11.55.16.31.5.52.84.52 6.3 0 11.43 5.13 11.43 11.43.01 6.29-5.12 11.42-11.42 11.42z\"><\/path><\/svg><\/span><\/div>\n\n\n\n<h2 class=\"gb-headline gb-headline-20797084 gb-headline-text\"><br>Benvenuto agli Appartamenti Scurci\u00e0 e alla \u201cBaita Scurci\u00e0\u201d \u2013 il tuo rifugio sereno sul lato soleggiato di Ortisei. Immergiti nella bellezza mozzafiato delle Dolomiti e goditi il comfort e l\u2019ospitalit\u00e0 dei nostri alloggi a conduzione familiare. <\/h2>\n\n\n\n<p class=\"gb-headline gb-headline-6a413e10 gb-headline-text\">&#8211; <em>Petra Thaler &amp; Thomas Moroder<\/em><\/p>\n\n<\/div>\n<\/div><div class=\"gb-container gb-container-2fbd45b1\">\n<div class=\"gb-container gb-container-6ce42712\">\n<div class=\"gb-container gb-container-50772905\">\n\n<h3 class=\"gb-headline gb-headline-5a1b0c46 gb-headline-text\">Prenota il tuo soggiorno<\/h3>\n\n\n\n<div class=\"gb-headline gb-headline-e638c580\"><span class=\"gb-icon\"><svg xmlns=\"http:\/\/www.w3.org\/2000\/svg\" viewbox=\"0 0 36.7 3\"><path d=\"M0 0h36.7v3H0z\"><\/path><\/svg><\/span><\/div>\n\n\n\n<p class=\"has-text-align-center\">Prova il perfetto connubio tra tradizione e comfort moderno agli Appartments Scurci\u00e0 e alla \u201cBaita Scurci\u00e0\u201d. Prenota oggi stesso il tuo soggiorno con noi e crea ricordi indimenticabili nel cuore delle Dolomiti. <\/p>\n\n\n\n<a class=\"gb-button gb-button-3a79f373 gb-button-text button-effect\" href=\"https:\/\/www.valgardena.it\/en\/accommodation\/base\/hotel\/ortisei-val-gardena\/apartments-scurcia\/3E54BAA3ADB24A8CAC6E3709241B0434\/\" target=\"_blank\" rel=\"nofollow noopener noreferrer\">PRENOTA ORA<\/a>\n\n<\/div>\n<\/div>\n<\/div><div class=\"gb-container gb-container-8be0ab35\">\n<div class=\"gb-container gb-container-6ae31a13\"><\/div>\n\n<div class=\"gb-container gb-container-b781cf4c\">\n\n<h4 class=\"gb-headline gb-headline-e9f91ebf gb-headline-text\">&#8220;Un posto meraviglioso dove soggiornare con viste mozzafiato e un&#8217;ospitalit\u00e0 eccezionale. Altamente raccomandato!&#8221;<\/h4>\n\n\n\n<p class=\"gb-headline gb-headline-dd1c2a62 gb-headline-text\"><em>&#8211; John Peterson, Olanda<\/em><\/p>\n\n<\/div>\n<\/div><div class=\"gb-container gb-container-83262ba0\">\n\n<p class=\"gb-headline gb-headline-0e5dc55f gb-headline-text\">APPARTAMENTI<\/p>\n\n\n\n<div class=\"gb-headline gb-headline-b3749b84\"><span class=\"gb-icon\"><svg xmlns=\"http:\/\/www.w3.org\/2000\/svg\" viewbox=\"0 0 36.7 3\"><path d=\"M0 0h36.7v3H0z\"><\/path><\/svg><\/span><\/div>\n\n\n<div class=\"gb-container gb-container-7b5ba7c8\">\n<div class=\"gb-container gb-container-7db3d5e9\">\n\n<h3 class=\"gb-headline gb-headline-31d69bcf gb-headline-text\">Appartamento Scurci\u00e0<\/h3>\n\n\n\n<a class=\"gb-button gb-button-ab37996f gb-button-text button-effect\" href=\"https:\/\/www.scurcia.com\/it\/appartamento\/\">Guarda l&#8217;APPARTAMENTO<\/a>\n\n<\/div>\n\n<div class=\"gb-container gb-container-ebf9dbb9\">\n\n<h3 class=\"gb-headline gb-headline-9c26618c gb-headline-text\">Baita Scurci\u00e0<\/h3>\n\n\n\n<a class=\"gb-button gb-button-e27168df gb-button-text button-effect\" href=\"https:\/\/www.scurcia.com\/it\/baita-scurcia-2\/\">Guarda la BAITA<\/a>\n\n<\/div>\n<\/div>\n<\/div><div class=\"gb-container gb-container-e0b74856\">\n\n<h3 class=\"gb-headline gb-headline-b5e08eb9 gb-headline-text\">Informazioni di contatto<\/h3>\n\n\n\n<div class=\"gb-headline gb-headline-c3750c00\"><span class=\"gb-icon\"><svg xmlns=\"http:\/\/www.w3.org\/2000\/svg\" viewbox=\"0 0 36.7 3\"><path d=\"M0 0h36.7v3H0z\"><\/path><\/svg><\/span><\/div>\n\n\n\n<p class=\"has-text-align-center\">Per richieste e prenotazioni, contattaci al seguente indirizzo:<\/p>\n\n\n\n<p class=\"has-text-align-center\"><strong>Telefono:<\/strong> +39 339 7902183<\/p>\n\n\n\n<p><strong>Email:<\/strong> info@scurcia.com<\/p>\n\n\n\n<a class=\"gb-button gb-button-9f520653 gb-button-text button-effect\" href=\"https:\/\/www.scurcia.com\/it\/contattaci\/\">Contattaci<\/a>\n\n\n\n<p><\/p>\n\n\n\n<p>Non vediamo l\u2019ora di darti il benvenuto agli Appartments Scurci\u00e0 e alla \u201cBaita Scurci\u00e0\u201d.We look forward to welcoming you to Apartments Scurci\u00e0 and &#8220;Baita Scurci\u00e0.&#8221;<\/p>\n\n<\/div>\n<p><\/p>\n","protected":false},"excerpt":{"rendered":"<p>Appartamenti Scurci\u00e0 &#8211; Vacanze nel cuore delle Dolomiti Accoglienti appartamenti per vacanze e la &#8220;Baita Scurci\u00e0&#8221; sul lato soleggiato di Ortisei. Perfetti per gli amanti della natura e per chi cerca pace e tranquillit\u00e0, con accesso diretto ai sentieri escursionistici e una vista panoramica sulle Dolomiti. Punti salienti Posizione privilegiata: Situate sotto la foresta di &#8230; <a title=\"Casa\" class=\"read-more\" href=\"https:\/\/www.scurcia.com\/it\/\" aria-label=\"Per saperne di pi\u00f9 su Casa\">Leggi tutto<\/a><\/p>\n","protected":false},"author":1,"featured_media":0,"parent":0,"menu_order":0,"comment_status":"closed","ping_status":"closed","template":"","meta":{"footnotes":""},"class_list":["post-4260","page","type-page","status-publish"],"_links":{"self":[{"href":"https:\/\/www.scurcia.com\/it\/wp-json\/wp\/v2\/pages\/4260","targetHints":{"allow":["GET"]}}],"collection":[{"href":"https:\/\/www.scurcia.com\/it\/wp-json\/wp\/v2\/pages"}],"about":[{"href":"https:\/\/www.scurcia.com\/it\/wp-json\/wp\/v2\/types\/page"}],"author":[{"embeddable":true,"href":"https:\/\/www.scurcia.com\/it\/wp-json\/wp\/v2\/users\/1"}],"replies":[{"embeddable":true,"href":"https:\/\/www.scurcia.com\/it\/wp-json\/wp\/v2\/comments?post=4260"}],"version-history":[{"count":4,"href":"https:\/\/www.scurcia.com\/it\/wp-json\/wp\/v2\/pages\/4260\/revisions"}],"predecessor-version":[{"id":4785,"href":"https:\/\/www.scurcia.com\/it\/wp-json\/wp\/v2\/pages\/4260\/revisions\/4785"}],"wp:attachment":[{"href":"https:\/\/www.scurcia.com\/it\/wp-json\/wp\/v2\/media?parent=4260"}],"curies":[{"name":"wp","href":"https:\/\/api.w.org\/{rel}","templated":true}]}}