{"id":4267,"date":"2024-12-19T15:14:50","date_gmt":"2024-12-19T14:14:50","guid":{"rendered":"https:\/\/www.scurcia.com\/chi-siamo\/"},"modified":"2024-12-19T15:14:51","modified_gmt":"2024-12-19T14:14:51","slug":"chi-siamo","status":"publish","type":"page","link":"https:\/\/www.scurcia.com\/it\/chi-siamo\/","title":{"rendered":"Chi siamo"},"content":{"rendered":"<div class=\"gb-container gb-container-cd67deb7\">\n<div class=\"gb-container gb-container-9e4bb9bd\">\n<div class=\"gb-container gb-container-fb706260\">\n\n<h2 class=\"gb-headline gb-headline-5bc45f76 gb-headline-text\">La nostra eredit\u00e0: l&#8217;eredit\u00e0 della famiglia Moroder<\/h2>\n\n\n\n<div class=\"gb-headline gb-headline-ee1a072c\"><span class=\"gb-icon\"><svg xmlns=\"http:\/\/www.w3.org\/2000\/svg\" viewbox=\"0 0 36.7 3\"><path d=\"M0 0h36.7v3H0z\"><\/path><\/svg><\/span><\/div>\n\n\n\n<p><em>Da generazioni la famiglia Moroder accoglie gli ospiti a Ortisei. Con passione e dedizione, gestiamo gli Appartamenti Scurci\u00e0 e la &#8220;Baita Scurci\u00e0&#8221; per garantire un soggiorno indimenticabile. La nostra filosofia combina l&#8217;ospitalit\u00e0 tradizionale con il comfort moderno.<\/em><\/p>\n\n\n\n<p>La famiglia Moroder ha una ricca storia a Ortisei, profondamente radicata nell&#8217;ospitalit\u00e0 e nelle arti. I nostri antenati gestivano il &#8220;Pension Moroder Caff\u00e8&#8221;, un locale molto amato che fungeva da punto di ritrovo per gli abitanti del luogo e per i visitatori. L&#8217;edificio \u00e8 ancora in piedi oggi, con la scultura originale dell&#8217;angelo che ne adorna la facciata, a testimonianza della nostra presenza duratura nella comunit\u00e0.<\/p>\n\n\n\n<h2 class=\"gb-headline gb-headline-b95342bf gb-headline-text\">Contributi artistici<\/h2>\n\n\n\n<div class=\"gb-headline gb-headline-2b2468aa\"><span class=\"gb-icon\"><svg xmlns=\"http:\/\/www.w3.org\/2000\/svg\" viewbox=\"0 0 36.7 3\"><path d=\"M0 0h36.7v3H0z\"><\/path><\/svg><\/span><\/div>\n\n\n\n<p>Nel corso degli anni, la famiglia Moroder ha contribuito in modo determinante a plasmare il paesaggio culturale e artistico della Val Gardena. In particolare, Josef Moroder-Lusenberg (1846-1939), un rinomato pittore e scultore, ha contribuito in modo significativo al patrimonio artistico della regione. Le sue opere continuano a ispirare e a riflettere le ricche tradizioni delle nostre radici ladine.<\/p>\n\n\n\n<h2 class=\"gb-headline gb-headline-fe7b7a8e gb-headline-text\">Continuare la tradizione<\/h2>\n\n\n\n<div class=\"gb-headline gb-headline-b5e45624\"><span class=\"gb-icon\"><svg xmlns=\"http:\/\/www.w3.org\/2000\/svg\" viewbox=\"0 0 36.7 3\"><path d=\"M0 0h36.7v3H0z\"><\/path><\/svg><\/span><\/div>\n\n\n\n<p>Oggi onoriamo questa eredit\u00e0 offrendo ai nostri ospiti un&#8217;esperienza autentica che unisce la tradizionale ospitalit\u00e0 ladina ai comfort moderni. All&#8217;Appartments Scurci\u00e0 e alla &#8220;Baita Scurci\u00e0&#8221;, ci sforziamo di offrire un&#8217;atmosfera accogliente in cui storia e comfort contemporanei convivono armoniosamente.<\/p>\n\n<\/div>\n\n<div class=\"gb-container gb-container-12924e5b\">\n\n<figure class=\"wp-block-image size-large left-border img\"><a href=\"https:\/\/www.scurcia.com\/wp-content\/uploads\/2024\/12\/IMG_4353-scaled-e1733497444451.jpeg\"><img decoding=\"async\" src=\"https:\/\/www.scurcia.com\/wp-content\/uploads\/2024\/12\/IMG_4353-768x1024.jpeg\" alt=\"\" class=\"wp-image-4159\"\/><\/a><\/figure>\n\n\n\n<p><em>PENSION MORODER<\/em> <em>CAFFE&#8217;<\/em> &#8211; ad oggi si vede ancora la scultura dell&#8217;angelo sulla casa recentemente restaurata nelle vicinanze.<\/p>\n\n<\/div>\n<\/div>\n<\/div>","protected":false},"excerpt":{"rendered":"<p>La nostra eredit\u00e0: l&#8217;eredit\u00e0 della famiglia Moroder Da generazioni la famiglia Moroder accoglie gli ospiti a Ortisei. Con passione e dedizione, gestiamo gli Appartamenti Scurci\u00e0 e la &#8220;Baita Scurci\u00e0&#8221; per garantire un soggiorno indimenticabile. La nostra filosofia combina l&#8217;ospitalit\u00e0 tradizionale con il comfort moderno. La famiglia Moroder ha una ricca storia a Ortisei, profondamente radicata &#8230; <a title=\"Chi siamo\" class=\"read-more\" href=\"https:\/\/www.scurcia.com\/it\/chi-siamo\/\" aria-label=\"Per saperne di pi\u00f9 su Chi siamo\">Leggi tutto<\/a><\/p>\n","protected":false},"author":1,"featured_media":0,"parent":0,"menu_order":0,"comment_status":"closed","ping_status":"closed","template":"","meta":{"footnotes":""},"class_list":["post-4267","page","type-page","status-publish"],"_links":{"self":[{"href":"https:\/\/www.scurcia.com\/it\/wp-json\/wp\/v2\/pages\/4267","targetHints":{"allow":["GET"]}}],"collection":[{"href":"https:\/\/www.scurcia.com\/it\/wp-json\/wp\/v2\/pages"}],"about":[{"href":"https:\/\/www.scurcia.com\/it\/wp-json\/wp\/v2\/types\/page"}],"author":[{"embeddable":true,"href":"https:\/\/www.scurcia.com\/it\/wp-json\/wp\/v2\/users\/1"}],"replies":[{"embeddable":true,"href":"https:\/\/www.scurcia.com\/it\/wp-json\/wp\/v2\/comments?post=4267"}],"version-history":[{"count":1,"href":"https:\/\/www.scurcia.com\/it\/wp-json\/wp\/v2\/pages\/4267\/revisions"}],"predecessor-version":[{"id":4268,"href":"https:\/\/www.scurcia.com\/it\/wp-json\/wp\/v2\/pages\/4267\/revisions\/4268"}],"wp:attachment":[{"href":"https:\/\/www.scurcia.com\/it\/wp-json\/wp\/v2\/media?parent=4267"}],"curies":[{"name":"wp","href":"https:\/\/api.w.org\/{rel}","templated":true}]}}